{"id":506,"date":"2020-12-22T02:16:27","date_gmt":"2020-12-22T02:16:27","guid":{"rendered":"http:\/\/sw-themes.com\/porto_dummy\/?page_id=506"},"modified":"2023-11-18T12:44:04","modified_gmt":"2023-11-18T12:44:04","slug":"haqqimizda","status":"publish","type":"page","link":"https:\/\/kartpak.az\/en\/about-us\/","title":{"rendered":"About us"},"content":{"rendered":"<div data-elementor-type=\"wp-page\" data-elementor-id=\"506\" class=\"elementor elementor-506\">\n\t\t\t\t\t\t\t\t\t<section class=\"elementor-section elementor-top-section elementor-element elementor-element-d93d724 elementor-section-boxed elementor-section-height-default elementor-section-height-default\" data-id=\"d93d724\" data-element_type=\"section\">\r\n\t\t\r\n\t\t\t\t\t\t\t<div class=\"elementor-container elementor-column-gap-default\">\r\n\t\t\t\t\t\t\t\t\t\t\t<div class=\"elementor-column elementor-col-100 elementor-top-column elementor-element elementor-element-fdb43e9\" data-id=\"fdb43e9\" data-element_type=\"column\">\r\n\t\t\t\t\t<div class=\"elementor-widget-wrap elementor-element-populated\">\r\n\t\t\t\t\t\t\t\t<div class=\"elementor-element elementor-element-8a29179 elementor-widget elementor-widget-image\" data-id=\"8a29179\" data-element_type=\"widget\" data-widget_type=\"image.default\">\n\t\t\t\t<div class=\"elementor-widget-container\">\n\t\t\t<style>\/*! elementor - v3.14.0 - 18-06-2023 *\/\n.elementor-widget-image{text-align:center}.elementor-widget-image a{display:inline-block}.elementor-widget-image a img[src$=\".svg\"]{width:48px}.elementor-widget-image img{vertical-align:middle;display:inline-block}<\/style>\t\t\t\t\t\t\t\t\t\t\t\t<img decoding=\"async\" src=\"https:\/\/kartpak.az\/wp-content\/uploads\/elementor\/thumbs\/hakk__m__zdaa-qnuzbwhsj9mxdmhugj40zy94rhngniq7x44xp0c590.png\" title=\"hakk__m__zdaa\" alt=\"hakk__m__zdaa\" loading=\"lazy\" \/>\t\t\t\t\t\t\t\t\t\t\t\t\t\t\t<\/div>\n\t\t\t\t<\/div>\n\t\t\t\t\t<\/div>\r\n\t\t\t\t<\/div>\r\n\t\t\t\t\t<\/div>\r\n\t\t\t\t<\/section>\r\n\t\t\t\t<section class=\"elementor-section elementor-top-section elementor-element elementor-element-1db282f elementor-section-boxed elementor-section-height-default elementor-section-height-default\" data-id=\"1db282f\" data-element_type=\"section\">\r\n\t\t\r\n\t\t\t\t\t\t\t<div class=\"elementor-container elementor-column-gap-default\">\r\n\t\t\t\t\t\t\t\t\t\t\t<div class=\"elementor-column elementor-col-100 elementor-top-column elementor-element elementor-element-0d8e765\" data-id=\"0d8e765\" data-element_type=\"column\">\r\n\t\t\t\t\t<div class=\"elementor-widget-wrap elementor-element-populated\">\r\n\t\t\t\t\t\t\t\t<div class=\"elementor-element elementor-element-7d403a7 elementor-absolute image-text elementor-widget elementor-widget-heading\" data-id=\"7d403a7\" data-element_type=\"widget\" data-settings=\"{&quot;_position&quot;:&quot;absolute&quot;}\" data-widget_type=\"heading.default\">\n\t\t\t\t<div class=\"elementor-widget-container\">\n\t\t\t<style>\/*! elementor - v3.14.0 - 18-06-2023 *\/\n.elementor-heading-title{padding:0;margin:0;line-height:1}.elementor-widget-heading .elementor-heading-title[class*=elementor-size-]>a{color:inherit;font-size:inherit;line-height:inherit}.elementor-widget-heading .elementor-heading-title.elementor-size-small{font-size:15px}.elementor-widget-heading .elementor-heading-title.elementor-size-medium{font-size:19px}.elementor-widget-heading .elementor-heading-title.elementor-size-large{font-size:29px}.elementor-widget-heading .elementor-heading-title.elementor-size-xl{font-size:39px}.elementor-widget-heading .elementor-heading-title.elementor-size-xxl{font-size:59px}<\/style><h1 class=\"elementor-heading-title elementor-size-default\">Quality and prompt service<\/h1>\t\t<\/div>\n\t\t\t\t<\/div>\n\t\t\t\t\t<\/div>\r\n\t\t\t\t<\/div>\r\n\t\t\t\t\t<\/div>\r\n\t\t\t\t<\/section>\r\n\t\t\t\t<section class=\"elementor-section elementor-top-section elementor-element elementor-element-fd53c78 elementor-section-boxed elementor-section-height-default elementor-section-height-default\" data-id=\"fd53c78\" data-element_type=\"section\">\r\n\t\t\r\n\t\t\t\t\t\t\t<div class=\"elementor-container elementor-column-gap-default\">\r\n\t\t\t\t\t\t\t\t\t\t\t<div class=\"elementor-column elementor-col-100 elementor-top-column elementor-element elementor-element-eade1ea\" data-id=\"eade1ea\" data-element_type=\"column\">\r\n\t\t\t\t\t<div class=\"elementor-widget-wrap elementor-element-populated\">\r\n\t\t\t\t\t\t\t\t<div class=\"elementor-element elementor-element-92de7b6 image-text2 elementor-widget elementor-widget-heading\" data-id=\"92de7b6\" data-element_type=\"widget\" data-widget_type=\"heading.default\">\n\t\t\t\t<div class=\"elementor-widget-container\">\n\t\t\t<p class=\"elementor-heading-title elementor-size-default\">Our goal is to present your product at the highest level.<\/p>\t\t<\/div>\n\t\t\t\t<\/div>\n\t\t\t\t\t<\/div>\r\n\t\t\t\t<\/div>\r\n\t\t\t\t\t<\/div>\r\n\t\t\t\t<\/section>\r\n\t\t\t\t<section class=\"elementor-section elementor-top-section elementor-element elementor-element-606e89c pt-5 elementor-section-content-middle elementor-section-boxed elementor-section-height-default elementor-section-height-default\" data-id=\"606e89c\" data-element_type=\"section\">\r\n\t\t\r\n\t\t\t\t\t\t\t<div class=\"elementor-container elementor-column-gap-no\">\r\n\t\t\t\t\t\t\t\t\t\t\t<div class=\"elementor-column elementor-col-50 elementor-top-column elementor-element elementor-element-a5f10ed mb-5 mb-lg-4 pe-lg-3\" data-id=\"a5f10ed\" data-element_type=\"column\">\r\n\t\t\t\t\t<div class=\"elementor-widget-wrap elementor-element-populated\">\r\n\t\t\t\t\t\t\t\t<div class=\"elementor-element elementor-element-5973808 mb-4 elementor-widget elementor-widget-heading\" data-id=\"5973808\" data-element_type=\"widget\" data-settings=\"{&quot;_animation&quot;:&quot;none&quot;}\" data-widget_type=\"heading.default\">\n\t\t\t\t<div class=\"elementor-widget-container\">\n\t\t\t<p class=\"elementor-heading-title elementor-size-default\">Our professional team meets the needs of domestic and foreign manufacturing businesses for cardboard boxes and paper packages of any type and size. Both ordinary and plastered microcorrugated cardboard are used to make high-quality and attractive boxes. Our customers include textiles, construction, toys, food, etc. there are businesses operating in the fields. Our goal is to provide quality and prompt service to our customers. \n\n<\/p>\t\t<\/div>\n\t\t\t\t<\/div>\n\t\t\t\t\t<\/div>\r\n\t\t\t\t<\/div>\r\n\t\t\t\t<div class=\"elementor-column elementor-col-50 elementor-top-column elementor-element elementor-element-fe1eb7f ps-sm-5 ps-lg-0 mb-lg-4\" data-id=\"fe1eb7f\" data-element_type=\"column\">\r\n\t\t\t\t\t<div data-plugin-float-element=\"\" data-plugin-options=\"{&quot;startPos&quot;:&quot;top&quot;,&quot;speed&quot;:&quot;9.8&quot;,&quot;transition&quot;:true,&quot;horizontal&quot;:false}\" class=\"elementor-widget-wrap elementor-element-populated\">\r\n\t\t\t\t\t\t\t\t<div class=\"elementor-element elementor-element-608b3d8 custom-box-shadow-1 mb-0 w-auto elementor-invisible elementor-widget elementor-widget-image\" data-id=\"608b3d8\" data-element_type=\"widget\" data-settings=\"{&quot;_animation&quot;:&quot;fadeIn&quot;,&quot;_animation_delay&quot;:200}\" data-widget_type=\"image.default\">\n\t\t\t\t<div class=\"elementor-widget-container\">\n\t\t\t\t\t\t\t\t\t\t\t\t\t\t\t<img loading=\"lazy\" decoding=\"async\" width=\"535\" height=\"537\" src=\"https:\/\/kartpak.az\/wp-content\/uploads\/2023\/07\/missionumuz.png\" class=\"attachment-full size-full wp-image-4422\" alt=\"\" srcset=\"https:\/\/kartpak.az\/wp-content\/uploads\/2023\/07\/missionumuz.png 535w, https:\/\/kartpak.az\/wp-content\/uploads\/2023\/07\/missionumuz-400x401.png 400w, https:\/\/kartpak.az\/wp-content\/uploads\/2023\/07\/missionumuz-367x367.png 367w\" sizes=\"auto, (max-width: 535px) 100vw, 535px\" \/>\t\t\t\t\t\t\t\t\t\t\t\t\t\t\t<\/div>\n\t\t\t\t<\/div>\n\t\t\t\t\t<\/div>\r\n\t\t\t\t<\/div>\r\n\t\t\t\t\t<\/div>\r\n\t\t\t\t<\/section>\r\n\t\t\t\t<section class=\"elementor-section elementor-top-section elementor-element elementor-element-dc573b8 pt-5 elementor-section-content-middle elementor-section-boxed elementor-section-height-default elementor-section-height-default\" data-id=\"dc573b8\" data-element_type=\"section\">\r\n\t\t\r\n\t\t\t\t\t\t\t<div class=\"elementor-container elementor-column-gap-no\">\r\n\t\t\t\t\t\t\t\t\t\t\t<div class=\"elementor-column elementor-col-100 elementor-top-column elementor-element elementor-element-5e84568\" data-id=\"5e84568\" data-element_type=\"column\">\r\n\t\t\t\t\t<div class=\"elementor-widget-wrap\">\r\n\t\t\t\t\t\t\t\t\t<\/div>\r\n\t\t\t\t<\/div>\r\n\t\t\t\t\t<\/div>\r\n\t\t\t\t<\/section>\r\n\t\t\t\t\t\t\t<\/div>","protected":false},"excerpt":{"rendered":"<p>Keyfiyy\u0259t v\u0259 operativ xidm\u0259t H\u0259d\u0259fimiz m\u0259hsulunuzun \u0259n y\u00fcks\u0259k s\u0259viyy\u0259d\u0259 t\u0259qdimat\u0131d\u0131r. Pe\u015f\u0259kar komandam\u0131z yerli v\u0259 xarici istehsalat biznesl\u0259rinin ist\u0259nil\u0259n n\u00f6v v\u0259 \u00f6l\u00e7\u00fcd\u0259 karton qutu v\u0259 ka\u011f\u0131z paketl\u0259r\u0259 olan ehtiyaclar\u0131n\u0131 qar\u015f\u0131lay\u0131r. Keyfiyy\u0259tli v\u0259 g\u00f6zox\u015fayan qutular\u0131n haz\u0131rlanmas\u0131 \u00fc\u00e7\u00fcn h\u0259m adi, h\u0259m d\u0259 suvan\u0131lan mikroqofrokartondan istifad\u0259 edilir. M\u00fc\u015ft\u0259ril\u0259rimiz s\u0131ras\u0131nda tekstil, tikinti, oyuncaq, yeyinti v\u0259 s. sah\u0259l\u0259rd\u0259 f\u0259aliyy\u0259t g\u00f6st\u0259r\u0259n biznesl\u0259r [&hellip;]<\/p>","protected":false},"author":1,"featured_media":0,"parent":0,"menu_order":0,"comment_status":"closed","ping_status":"closed","template":"","meta":{"footnotes":""},"class_list":["post-506","page","type-page","status-publish","hentry"],"acf":[],"_links":{"self":[{"href":"https:\/\/kartpak.az\/en\/wp-json\/wp\/v2\/pages\/506","targetHints":{"allow":["GET"]}}],"collection":[{"href":"https:\/\/kartpak.az\/en\/wp-json\/wp\/v2\/pages"}],"about":[{"href":"https:\/\/kartpak.az\/en\/wp-json\/wp\/v2\/types\/page"}],"author":[{"embeddable":true,"href":"https:\/\/kartpak.az\/en\/wp-json\/wp\/v2\/users\/1"}],"replies":[{"embeddable":true,"href":"https:\/\/kartpak.az\/en\/wp-json\/wp\/v2\/comments?post=506"}],"version-history":[{"count":57,"href":"https:\/\/kartpak.az\/en\/wp-json\/wp\/v2\/pages\/506\/revisions"}],"predecessor-version":[{"id":5248,"href":"https:\/\/kartpak.az\/en\/wp-json\/wp\/v2\/pages\/506\/revisions\/5248"}],"wp:attachment":[{"href":"https:\/\/kartpak.az\/en\/wp-json\/wp\/v2\/media?parent=506"}],"curies":[{"name":"wp","href":"https:\/\/api.w.org\/{rel}","templated":true}]}}